{"id":8430,"date":"2022-06-21T11:39:02","date_gmt":"2022-06-21T09:39:02","guid":{"rendered":"https:\/\/wart.chillimedia.site\/?page_id=8430"},"modified":"2025-04-25T13:41:26","modified_gmt":"2025-04-25T11:41:26","slug":"lusthus-12","status":"publish","type":"page","link":"https:\/\/wart.se\/fi\/lusthus\/lusthus-12\/","title":{"rendered":"Lusthus 12,0"},"content":{"rendered":"<div data-elementor-type=\"wp-post\" data-elementor-id=\"8430\" class=\"elementor elementor-8430\">\n\t\t\t\t\t\t<section class=\"elementor-section elementor-top-section elementor-element elementor-element-166e52b elementor-section-boxed elementor-section-height-default elementor-section-height-default\" data-id=\"166e52b\" data-element_type=\"section\" data-e-type=\"section\" data-settings=\"{&quot;background_background&quot;:&quot;classic&quot;}\">\n\t\t\t\t\t\t<div class=\"elementor-container elementor-column-gap-extended\">\n\t\t\t\t\t<div class=\"elementor-column elementor-col-50 elementor-top-column elementor-element elementor-element-7ab5ce8 margin-left-65\" data-id=\"7ab5ce8\" data-element_type=\"column\" data-e-type=\"column\" data-settings=\"{&quot;background_background&quot;:&quot;classic&quot;}\">\n\t\t\t<div class=\"elementor-widget-wrap elementor-element-populated\">\n\t\t\t\t\t\t<div class=\"elementor-element elementor-element-31f0954 apus-heading-about elementor-widget elementor-widget-heading\" data-id=\"31f0954\" data-element_type=\"widget\" data-e-type=\"widget\" data-widget_type=\"heading.default\">\n\t\t\t\t<div class=\"elementor-widget-container\">\n\t\t\t\t\t<h2 class=\"elementor-heading-title elementor-size-default\">Lusthus 12 m\u00b2<\/h2>\t\t\t\t<\/div>\n\t\t\t\t<\/div>\n\t\t\t\t<div class=\"elementor-element elementor-element-0e4ce57 elementor-widget elementor-widget-text-editor\" data-id=\"0e4ce57\" data-element_type=\"widget\" data-e-type=\"widget\" data-widget_type=\"text-editor.default\">\n\t\t\t\t<div class=\"elementor-widget-container\">\n\t\t\t\t\t\t\t\t\t<p>Tillverkad i samma h\u00f6ga kvalit\u00e9 som lusthus 9,2 m\u00b2. Detta lusthus \u00e4r 8-kantigt och ger mer utrymme, \u00f6ppen k\u00e4nsla och fler sittplatser.<\/p>\n<p>Lusthuset levereras komplett med grillanl\u00e4ggning, skorsten, grillset, stor stekpanna, dynor och gardiner.<\/p>\t\t\t\t\t\t\t\t<\/div>\n\t\t\t\t<\/div>\n\t\t\t\t<div class=\"elementor-element elementor-element-200cdb1 elementor-widget elementor-widget-apus_element_gallery\" data-id=\"200cdb1\" data-element_type=\"widget\" data-e-type=\"widget\" data-widget_type=\"apus_element_gallery.default\">\n\t\t\t\t<div class=\"elementor-widget-container\">\n\t\t\t\t\t        <div class=\"widget-gallery  grid\">\n                        <div class=\"inner\">\n                                    <div class=\"row\">\n                                                    <div class=\"col-md-6 col-sm-4 col-xs-6\">\n                                <a href=\"https:\/\/wart.se\/wp-content\/uploads\/2022\/06\/lusthus-10-kvm-1.jpg\" class=\"\" data-elementor-lightbox-slideshow=\"gallery-LRFXB\">\n                                    <div class=\"image-wrapper\"><img fetchpriority=\"high\" decoding=\"async\" width=\"768\" height=\"768\" src=\"data:image\/svg+xml;charset=utf-8,%3Csvg xmlns%3D&#039;http%3A%2F%2Fwww.w3.org%2F2000%2Fsvg&#039; viewBox%3D&#039;0 0 768 768&#039;%2F%3E\" class=\"attachment-abolire-gallery-square size-abolire-gallery-square unveil-image\" alt=\"Lusthus 10 kvm\" data-src=\"https:\/\/wart.se\/wp-content\/uploads\/2022\/06\/lusthus-10-kvm-1-768x768.jpg\" data-srcset=\"https:\/\/wart.se\/wp-content\/uploads\/2022\/06\/lusthus-10-kvm-1-768x768.jpg 768w, https:\/\/wart.se\/wp-content\/uploads\/2022\/06\/lusthus-10-kvm-1-150x150.jpg 150w\" data-sizes=\"(max-width: 768px) 100vw, 768px\" \/><\/div>                                <\/a>\n                            <\/div>\n                                            <\/div>\n                                <\/div>\n        <\/div>\n        \t\t\t\t<\/div>\n\t\t\t\t<\/div>\n\t\t\t\t\t<\/div>\n\t\t<\/div>\n\t\t\t\t<div class=\"elementor-column elementor-col-50 elementor-top-column elementor-element elementor-element-b71169d\" data-id=\"b71169d\" data-element_type=\"column\" data-e-type=\"column\" id=\"wart-sidebar\">\n\t\t\t<div class=\"elementor-widget-wrap elementor-element-populated\">\n\t\t\t\t\t\t<section class=\"elementor-section elementor-inner-section elementor-element elementor-element-cc34400 elementor-section-boxed elementor-section-height-default elementor-section-height-default\" data-id=\"cc34400\" data-element_type=\"section\" data-e-type=\"section\">\n\t\t\t\t\t\t<div class=\"elementor-container elementor-column-gap-default\">\n\t\t\t\t\t<div class=\"elementor-column elementor-col-100 elementor-inner-column elementor-element elementor-element-fbe0e47\" data-id=\"fbe0e47\" data-element_type=\"column\" data-e-type=\"column\">\n\t\t\t<div class=\"elementor-widget-wrap elementor-element-populated\">\n\t\t\t\t\t\t<div class=\"elementor-element elementor-element-317a1d9 elementor-widget elementor-widget-heading\" data-id=\"317a1d9\" data-element_type=\"widget\" data-e-type=\"widget\" data-widget_type=\"heading.default\">\n\t\t\t\t<div class=\"elementor-widget-container\">\n\t\t\t\t\t<h2 class=\"elementor-heading-title elementor-size-default\">Huvimajatyypit<\/h2>\t\t\t\t<\/div>\n\t\t\t\t<\/div>\n\t\t\t\t<div class=\"elementor-element elementor-element-2a95994 elementor-align-justify elementor-widget__width-inherit animated-fast elementor-invisible elementor-widget elementor-widget-button\" data-id=\"2a95994\" data-element_type=\"widget\" data-e-type=\"widget\" data-settings=\"{&quot;_animation&quot;:&quot;fadeInRight&quot;,&quot;_animation_delay&quot;:150}\" data-widget_type=\"button.default\">\n\t\t\t\t<div class=\"elementor-widget-container\">\n\t\t\t\t\t\t\t\t\t<div class=\"elementor-button-wrapper\">\n\t\t\t\t\t<a class=\"elementor-button elementor-button-link elementor-size-lg\" href=\"https:\/\/wart.se\/fi\/lusthus\/lusthus-92\/\">\n\t\t\t\t\t\t<span class=\"elementor-button-content-wrapper\">\n\t\t\t\t\t\t\t\t\t<span class=\"elementor-button-text\">Huvimaja 9,2<\/span>\n\t\t\t\t\t<\/span>\n\t\t\t\t\t<\/a>\n\t\t\t\t<\/div>\n\t\t\t\t\t\t\t\t<\/div>\n\t\t\t\t<\/div>\n\t\t\t\t<div class=\"elementor-element elementor-element-eb09954 elementor-align-justify elementor-widget__width-inherit animated-fast elementor-invisible elementor-widget elementor-widget-button\" data-id=\"eb09954\" data-element_type=\"widget\" data-e-type=\"widget\" data-settings=\"{&quot;_animation&quot;:&quot;fadeInRight&quot;,&quot;_animation_delay&quot;:150}\" data-widget_type=\"button.default\">\n\t\t\t\t<div class=\"elementor-widget-container\">\n\t\t\t\t\t\t\t\t\t<div class=\"elementor-button-wrapper\">\n\t\t\t\t\t<a class=\"elementor-button elementor-size-lg\" role=\"button\">\n\t\t\t\t\t\t<span class=\"elementor-button-content-wrapper\">\n\t\t\t\t\t\t<span class=\"elementor-button-icon\">\n\t\t\t\t<i aria-hidden=\"true\" class=\"far fa-eye\"><\/i>\t\t\t<\/span>\n\t\t\t\t\t\t\t\t\t<span class=\"elementor-button-text\">Lusthus 12,0<\/span>\n\t\t\t\t\t<\/span>\n\t\t\t\t\t<\/a>\n\t\t\t\t<\/div>\n\t\t\t\t\t\t\t\t<\/div>\n\t\t\t\t<\/div>\n\t\t\t\t<div class=\"elementor-element elementor-element-3e091d3 elementor-align-justify elementor-widget__width-inherit animated-slow elementor-invisible elementor-widget elementor-widget-button\" data-id=\"3e091d3\" data-element_type=\"widget\" data-e-type=\"widget\" data-settings=\"{&quot;_animation&quot;:&quot;fadeInRight&quot;,&quot;_animation_delay&quot;:200}\" data-widget_type=\"button.default\">\n\t\t\t\t<div class=\"elementor-widget-container\">\n\t\t\t\t\t\t\t\t\t<div class=\"elementor-button-wrapper\">\n\t\t\t\t\t<a class=\"elementor-button elementor-button-link elementor-size-lg\" href=\"https:\/\/wart.se\/fi\/lusthus\/lusthus-149\/\">\n\t\t\t\t\t\t<span class=\"elementor-button-content-wrapper\">\n\t\t\t\t\t\t\t\t\t<span class=\"elementor-button-text\">Huvimaja 14,9<\/span>\n\t\t\t\t\t<\/span>\n\t\t\t\t\t<\/a>\n\t\t\t\t<\/div>\n\t\t\t\t\t\t\t\t<\/div>\n\t\t\t\t<\/div>\n\t\t\t\t\t<\/div>\n\t\t<\/div>\n\t\t\t\t\t<\/div>\n\t\t<\/section>\n\t\t\t\t<section class=\"elementor-section elementor-inner-section elementor-element elementor-element-f412f7d elementor-section-boxed elementor-section-height-default elementor-section-height-default\" data-id=\"f412f7d\" data-element_type=\"section\" data-e-type=\"section\">\n\t\t\t\t\t\t<div class=\"elementor-container elementor-column-gap-default\">\n\t\t\t\t\t<div class=\"elementor-column elementor-col-100 elementor-inner-column elementor-element elementor-element-d851b43\" data-id=\"d851b43\" data-element_type=\"column\" data-e-type=\"column\">\n\t\t\t<div class=\"elementor-widget-wrap elementor-element-populated\">\n\t\t\t\t\t\t<div class=\"elementor-element elementor-element-ecdbf78 elementor-widget elementor-widget-heading\" data-id=\"ecdbf78\" data-element_type=\"widget\" data-e-type=\"widget\" data-widget_type=\"heading.default\">\n\t\t\t\t<div class=\"elementor-widget-container\">\n\t\t\t\t\t<h2 class=\"elementor-heading-title elementor-size-default\">WArt<\/h2>\t\t\t\t<\/div>\n\t\t\t\t<\/div>\n\t\t\t\t\t<\/div>\n\t\t<\/div>\n\t\t\t\t\t<\/div>\n\t\t<\/section>\n\t\t\t\t<div class=\"elementor-element elementor-element-307c0be elementor-widget elementor-widget-text-editor\" data-id=\"307c0be\" data-element_type=\"widget\" data-e-type=\"widget\" data-widget_type=\"text-editor.default\">\n\t\t\t\t<div class=\"elementor-widget-container\">\n\t\t\t\t\t\t\t\t\t<p><strong>Haparanda Wood Art<\/strong><br \/>Tj\u00e4derv\u00e4gen 5<br \/>953 33 Haaparanta, Ruotsi<br \/>puhelin +46 922-220 40<br \/>matkapuhelin +46 70 653 46 11<br \/>info@wart.se<\/p>\t\t\t\t\t\t\t\t<\/div>\n\t\t\t\t<\/div>\n\t\t\t\t<div class=\"elementor-element elementor-element-68980c7 elementor-widget elementor-widget-image\" data-id=\"68980c7\" data-element_type=\"widget\" data-e-type=\"widget\" data-widget_type=\"image.default\">\n\t\t\t\t<div class=\"elementor-widget-container\">\n\t\t\t\t\t\t\t\t\t\t\t\t\t\t\t<img decoding=\"async\" width=\"150\" height=\"149\" src=\"https:\/\/wart.se\/wp-content\/uploads\/2022\/06\/sinetti.png\" class=\"attachment-large size-large wp-image-7941\" alt=\"Sinetti\" srcset=\"https:\/\/wart.se\/wp-content\/uploads\/2022\/06\/sinetti.png 150w, https:\/\/wart.se\/wp-content\/uploads\/2022\/06\/sinetti-12x12.png 12w\" sizes=\"(max-width: 150px) 100vw, 150px\" \/>\t\t\t\t\t\t\t\t\t\t\t\t\t\t\t<\/div>\n\t\t\t\t<\/div>\n\t\t\t\t<div class=\"elementor-element elementor-element-bcb1102 elementor-widget elementor-widget-image\" data-id=\"bcb1102\" data-element_type=\"widget\" data-e-type=\"widget\" data-widget_type=\"image.default\">\n\t\t\t\t<div class=\"elementor-widget-container\">\n\t\t\t\t\t\t\t\t\t\t\t\t\t\t\t<img decoding=\"async\" width=\"128\" height=\"185\" src=\"https:\/\/wart.se\/wp-content\/uploads\/2022\/06\/wart-fsc.png\" class=\"attachment-large size-large wp-image-7942\" alt=\"FSC certifiering\" srcset=\"https:\/\/wart.se\/wp-content\/uploads\/2022\/06\/wart-fsc.png 128w, https:\/\/wart.se\/wp-content\/uploads\/2022\/06\/wart-fsc-8x12.png 8w\" sizes=\"(max-width: 128px) 100vw, 128px\" \/>\t\t\t\t\t\t\t\t\t\t\t\t\t\t\t<\/div>\n\t\t\t\t<\/div>\n\t\t\t\t<section class=\"elementor-section elementor-inner-section elementor-element elementor-element-532d30a elementor-section-boxed elementor-section-height-default elementor-section-height-default\" data-id=\"532d30a\" data-element_type=\"section\" data-e-type=\"section\">\n\t\t\t\t\t\t<div class=\"elementor-container elementor-column-gap-default\">\n\t\t\t\t\t<div class=\"elementor-column elementor-col-100 elementor-inner-column elementor-element elementor-element-328101f\" data-id=\"328101f\" data-element_type=\"column\" data-e-type=\"column\">\n\t\t\t<div class=\"elementor-widget-wrap elementor-element-populated\">\n\t\t\t\t\t\t<div class=\"elementor-element elementor-element-e2655f0 elementor-widget elementor-widget-heading\" data-id=\"e2655f0\" data-element_type=\"widget\" data-e-type=\"widget\" data-widget_type=\"heading.default\">\n\t\t\t\t<div class=\"elementor-widget-container\">\n\t\t\t\t\t<h2 class=\"elementor-heading-title elementor-size-default\">Lataa esite<\/h2>\t\t\t\t<\/div>\n\t\t\t\t<\/div>\n\t\t\t\t<div class=\"elementor-element elementor-element-9fc57f5 elementor-pagination-position-outside elementor-widget elementor-widget-image-carousel\" data-id=\"9fc57f5\" data-element_type=\"widget\" data-e-type=\"widget\" data-settings=\"{&quot;slides_to_show&quot;:&quot;1&quot;,&quot;navigation&quot;:&quot;dots&quot;,&quot;autoplay&quot;:&quot;yes&quot;,&quot;pause_on_hover&quot;:&quot;yes&quot;,&quot;pause_on_interaction&quot;:&quot;yes&quot;,&quot;autoplay_speed&quot;:5000,&quot;infinite&quot;:&quot;yes&quot;,&quot;effect&quot;:&quot;slide&quot;,&quot;speed&quot;:500}\" data-widget_type=\"image-carousel.default\">\n\t\t\t\t<div class=\"elementor-widget-container\">\n\t\t\t\t\t\t\t<div class=\"elementor-image-carousel-wrapper swiper\" role=\"region\" aria-roledescription=\"carousel\" aria-label=\"Bildkarusell\" dir=\"ltr\">\n\t\t\t<div class=\"elementor-image-carousel swiper-wrapper swiper-image-stretch\" aria-live=\"off\">\n\t\t\t\t\t\t\t\t<div class=\"swiper-slide\" role=\"group\" aria-roledescription=\"slide\" aria-label=\"1 of 3\" data-no-translation-aria-label=\"\"><figure class=\"swiper-slide-inner\"><img decoding=\"async\" class=\"swiper-slide-image\" src=\"https:\/\/wart.se\/wp-content\/uploads\/2022\/06\/lusthus-sidebar-image.jpg\" alt=\"Lusthus broschyrbild\" \/><\/figure><\/div><div class=\"swiper-slide\" role=\"group\" aria-roledescription=\"slide\" aria-label=\"2 of 3\" data-no-translation-aria-label=\"\"><figure class=\"swiper-slide-inner\"><img decoding=\"async\" class=\"swiper-slide-image\" src=\"https:\/\/wart.se\/wp-content\/uploads\/2022\/06\/bastu-sidebar-image.jpg\" alt=\"bastu-sidebar-image\" \/><\/figure><\/div><div class=\"swiper-slide\" role=\"group\" aria-roledescription=\"slide\" aria-label=\"3 of 3\" data-no-translation-aria-label=\"\"><figure class=\"swiper-slide-inner\"><img decoding=\"async\" class=\"swiper-slide-image\" src=\"https:\/\/wart.se\/wp-content\/uploads\/2022\/06\/grillkata-sidebar-image.jpg\" alt=\"Grillk\u00e5ta broschyr\" \/><\/figure><\/div>\t\t\t<\/div>\n\t\t\t\t\t\t\t\n\t\t\t\t\t\t\t\t\t<div class=\"swiper-pagination\"><\/div>\n\t\t\t\t\t\t\t\t\t<\/div>\n\t\t\t\t\t\t<\/div>\n\t\t\t\t<\/div>\n\t\t\t\t<div class=\"elementor-element elementor-element-2d6d684 elementor-align-center elementor-widget elementor-widget-button\" data-id=\"2d6d684\" data-element_type=\"widget\" data-e-type=\"widget\" data-widget_type=\"button.default\">\n\t\t\t\t<div class=\"elementor-widget-container\">\n\t\t\t\t\t\t\t\t\t<div class=\"elementor-button-wrapper\">\n\t\t\t\t\t<a class=\"elementor-button elementor-button-link elementor-size-sm\" href=\"https:\/\/wart.se\/wp-content\/uploads\/2022\/06\/wart_katalog_net.pdf\" target=\"_blank\">\n\t\t\t\t\t\t<span class=\"elementor-button-content-wrapper\">\n\t\t\t\t\t\t\t\t\t<span class=\"elementor-button-text\">Lataa esite PDF-muodossa<\/span>\n\t\t\t\t\t<\/span>\n\t\t\t\t\t<\/a>\n\t\t\t\t<\/div>\n\t\t\t\t\t\t\t\t<\/div>\n\t\t\t\t<\/div>\n\t\t\t\t<div class=\"elementor-element elementor-element-c41ec69 elementor-widget elementor-widget-html\" data-id=\"c41ec69\" data-element_type=\"widget\" data-e-type=\"widget\" data-widget_type=\"html.default\">\n\t\t\t\t<div class=\"elementor-widget-container\">\n\t\t\t\t\t<div style=\"text-align:center;margin-bottom: 40px;\"><a href=\"https:\/\/publuu.com\/flip-book\/29218\/91153\/page\/1?cover\" class=\"show-publuu-viewer elementor-button-link elementor-button elementor-size-sm center-btn\">Lue e-esite verkossa<\/a><script src=\"https:\/\/cms2.publuu.com\/js\/embed-viewer.js\"><\/script><\/div>\t\t\t\t<\/div>\n\t\t\t\t<\/div>\n\t\t\t\t\t<\/div>\n\t\t<\/div>\n\t\t\t\t\t<\/div>\n\t\t<\/section>\n\t\t\t\t\t<\/div>\n\t\t<\/div>\n\t\t\t\t\t<\/div>\n\t\t<\/section>\n\t\t\t\t<\/div>","protected":false},"excerpt":{"rendered":"<p>Lusthus 12 m\u00b2 Tillverkad i samma h\u00f6ga kvalit\u00e9 som lusthus 9,2 m\u00b2. Detta lusthus \u00e4r 8-kantigt och ger mer utrymme, \u00f6ppen k\u00e4nsla och fler sittplatser. Lusthuset levereras komplett med grillanl\u00e4ggning, skorsten, grillset, stor stekpanna, dynor och gardiner. Typer av lusthus Lusthus 9,2 Lusthus 12,0 Lusthus 14,9 WArt Haparanda Wood ArtTj\u00e4derv\u00e4gen 5953 33 Haparandatel 0922-220 40mobil &hellip; <br \/><a href=\"https:\/\/wart.se\/fi\/lusthus\/lusthus-12\/\" class=\"more-link\">Continue reading <span class=\"screen-reader-text\">Lusthus 12,0<\/span><\/a><\/p>","protected":false},"author":1,"featured_media":0,"parent":8099,"menu_order":0,"comment_status":"closed","ping_status":"closed","template":"","meta":{"footnotes":""},"class_list":["post-8430","page","type-page","status-publish","hentry"],"yoast_head":"<!-- This site is optimized with the Yoast SEO plugin v27.4 - https:\/\/yoast.com\/product\/yoast-seo-wordpress\/ -->\n<title>Lusthus 12,0 | WArt | Haparanda Wood Art AB<\/title>\n<meta name=\"robots\" content=\"index, follow, max-snippet:-1, max-image-preview:large, max-video-preview:-1\" \/>\n<link rel=\"canonical\" href=\"https:\/\/wart.se\/fi\/lusthus\/lusthus-12\/\" \/>\n<meta property=\"og:locale\" content=\"fi_FI\" \/>\n<meta property=\"og:type\" content=\"article\" \/>\n<meta property=\"og:title\" content=\"Lusthus 12,0 | WArt | Haparanda Wood Art AB\" \/>\n<meta property=\"og:description\" content=\"Lusthus 12 m\u00b2 Tillverkad i samma h\u00f6ga kvalit\u00e9 som lusthus 9,2 m\u00b2. Detta lusthus \u00e4r 8-kantigt och ger mer utrymme, \u00f6ppen k\u00e4nsla och fler sittplatser. Lusthuset levereras komplett med grillanl\u00e4ggning, skorsten, grillset, stor stekpanna, dynor och gardiner. Typer av lusthus Lusthus 9,2 Lusthus 12,0 Lusthus 14,9 WArt Haparanda Wood ArtTj\u00e4derv\u00e4gen 5953 33 Haparandatel 0922-220 40mobil &hellip; Continue reading Lusthus 12,0\" \/>\n<meta property=\"og:url\" content=\"https:\/\/wart.se\/fi\/lusthus\/lusthus-12\/\" \/>\n<meta property=\"og:site_name\" content=\"WArt | Haparanda Wood Art AB\" \/>\n<meta property=\"article:publisher\" content=\"https:\/\/www.facebook.com\/HaparandaWArt\/\" \/>\n<meta property=\"article:modified_time\" content=\"2025-04-25T11:41:26+00:00\" \/>\n<meta property=\"og:image\" content=\"https:\/\/wart.se\/wp-content\/uploads\/2022\/06\/sinetti.png\" \/>\n<meta name=\"twitter:card\" content=\"summary_large_image\" \/>\n<meta name=\"twitter:label1\" content=\"Arvioitu lukuaika\" \/>\n\t<meta name=\"twitter:data1\" content=\"2 minuuttia\" \/>\n<script type=\"application\/ld+json\" class=\"yoast-schema-graph\">{\"@context\":\"https:\\\/\\\/schema.org\",\"@graph\":[{\"@type\":\"WebPage\",\"@id\":\"https:\\\/\\\/wart.se\\\/lusthus\\\/lusthus-12\\\/\",\"url\":\"https:\\\/\\\/wart.se\\\/lusthus\\\/lusthus-12\\\/\",\"name\":\"Lusthus 12,0 | WArt | Haparanda Wood Art AB\",\"isPartOf\":{\"@id\":\"https:\\\/\\\/wart.se\\\/#website\"},\"primaryImageOfPage\":{\"@id\":\"https:\\\/\\\/wart.se\\\/lusthus\\\/lusthus-12\\\/#primaryimage\"},\"image\":{\"@id\":\"https:\\\/\\\/wart.se\\\/lusthus\\\/lusthus-12\\\/#primaryimage\"},\"thumbnailUrl\":\"https:\\\/\\\/wart.se\\\/wp-content\\\/uploads\\\/2022\\\/06\\\/sinetti.png\",\"datePublished\":\"2022-06-21T09:39:02+00:00\",\"dateModified\":\"2025-04-25T11:41:26+00:00\",\"breadcrumb\":{\"@id\":\"https:\\\/\\\/wart.se\\\/lusthus\\\/lusthus-12\\\/#breadcrumb\"},\"inLanguage\":\"fi\",\"potentialAction\":[{\"@type\":\"ReadAction\",\"target\":[\"https:\\\/\\\/wart.se\\\/lusthus\\\/lusthus-12\\\/\"]}]},{\"@type\":\"ImageObject\",\"inLanguage\":\"fi\",\"@id\":\"https:\\\/\\\/wart.se\\\/lusthus\\\/lusthus-12\\\/#primaryimage\",\"url\":\"https:\\\/\\\/wart.se\\\/wp-content\\\/uploads\\\/2022\\\/06\\\/sinetti.png\",\"contentUrl\":\"https:\\\/\\\/wart.se\\\/wp-content\\\/uploads\\\/2022\\\/06\\\/sinetti.png\"},{\"@type\":\"BreadcrumbList\",\"@id\":\"https:\\\/\\\/wart.se\\\/lusthus\\\/lusthus-12\\\/#breadcrumb\",\"itemListElement\":[{\"@type\":\"ListItem\",\"position\":1,\"name\":\"Hem\",\"item\":\"https:\\\/\\\/wart.se\\\/\"},{\"@type\":\"ListItem\",\"position\":2,\"name\":\"Lusthus\",\"item\":\"https:\\\/\\\/wart.se\\\/lusthus\\\/\"},{\"@type\":\"ListItem\",\"position\":3,\"name\":\"Lusthus 12,0\"}]},{\"@type\":\"WebSite\",\"@id\":\"https:\\\/\\\/wart.se\\\/#website\",\"url\":\"https:\\\/\\\/wart.se\\\/\",\"name\":\"WArt | Haparanda Wood Art AB\",\"description\":\"Grillk\u00e5tor, Grillstugor, Lusthus &amp; Bastu\",\"publisher\":{\"@id\":\"https:\\\/\\\/wart.se\\\/#organization\"},\"potentialAction\":[{\"@type\":\"SearchAction\",\"target\":{\"@type\":\"EntryPoint\",\"urlTemplate\":\"https:\\\/\\\/wart.se\\\/?s={search_term_string}\"},\"query-input\":{\"@type\":\"PropertyValueSpecification\",\"valueRequired\":true,\"valueName\":\"search_term_string\"}}],\"inLanguage\":\"fi\"},{\"@type\":\"Organization\",\"@id\":\"https:\\\/\\\/wart.se\\\/#organization\",\"name\":\"Haparanda Wood Art AB\",\"url\":\"https:\\\/\\\/wart.se\\\/\",\"logo\":{\"@type\":\"ImageObject\",\"inLanguage\":\"fi\",\"@id\":\"https:\\\/\\\/wart.se\\\/#\\\/schema\\\/logo\\\/image\\\/\",\"url\":\"https:\\\/\\\/wart.se\\\/wp-content\\\/uploads\\\/2022\\\/06\\\/wart-normal.png\",\"contentUrl\":\"https:\\\/\\\/wart.se\\\/wp-content\\\/uploads\\\/2022\\\/06\\\/wart-normal.png\",\"width\":330,\"height\":122,\"caption\":\"Haparanda Wood Art AB\"},\"image\":{\"@id\":\"https:\\\/\\\/wart.se\\\/#\\\/schema\\\/logo\\\/image\\\/\"},\"sameAs\":[\"https:\\\/\\\/www.facebook.com\\\/HaparandaWArt\\\/\"]}]}<\/script>\n<!-- \/ Yoast SEO plugin. -->","yoast_head_json":{"title":"Lusthus 12,0 | WArt | Haparanda Wood Art AB","robots":{"index":"index","follow":"follow","max-snippet":"max-snippet:-1","max-image-preview":"max-image-preview:large","max-video-preview":"max-video-preview:-1"},"canonical":"https:\/\/wart.se\/fi\/lusthus\/lusthus-12\/","og_locale":"fi_FI","og_type":"article","og_title":"Lusthus 12,0 | WArt | Haparanda Wood Art AB","og_description":"Lusthus 12 m\u00b2 Tillverkad i samma h\u00f6ga kvalit\u00e9 som lusthus 9,2 m\u00b2. Detta lusthus \u00e4r 8-kantigt och ger mer utrymme, \u00f6ppen k\u00e4nsla och fler sittplatser. Lusthuset levereras komplett med grillanl\u00e4ggning, skorsten, grillset, stor stekpanna, dynor och gardiner. Typer av lusthus Lusthus 9,2 Lusthus 12,0 Lusthus 14,9 WArt Haparanda Wood ArtTj\u00e4derv\u00e4gen 5953 33 Haparandatel 0922-220 40mobil &hellip; Continue reading Lusthus 12,0","og_url":"https:\/\/wart.se\/fi\/lusthus\/lusthus-12\/","og_site_name":"WArt | Haparanda Wood Art AB","article_publisher":"https:\/\/www.facebook.com\/HaparandaWArt\/","article_modified_time":"2025-04-25T11:41:26+00:00","og_image":[{"url":"https:\/\/wart.se\/wp-content\/uploads\/2022\/06\/sinetti.png","type":"","width":"","height":""}],"twitter_card":"summary_large_image","twitter_misc":{"Arvioitu lukuaika":"2 minuuttia"},"schema":{"@context":"https:\/\/schema.org","@graph":[{"@type":"WebPage","@id":"https:\/\/wart.se\/lusthus\/lusthus-12\/","url":"https:\/\/wart.se\/lusthus\/lusthus-12\/","name":"Lusthus 12,0 | WArt | Haparanda Wood Art AB","isPartOf":{"@id":"https:\/\/wart.se\/#website"},"primaryImageOfPage":{"@id":"https:\/\/wart.se\/lusthus\/lusthus-12\/#primaryimage"},"image":{"@id":"https:\/\/wart.se\/lusthus\/lusthus-12\/#primaryimage"},"thumbnailUrl":"https:\/\/wart.se\/wp-content\/uploads\/2022\/06\/sinetti.png","datePublished":"2022-06-21T09:39:02+00:00","dateModified":"2025-04-25T11:41:26+00:00","breadcrumb":{"@id":"https:\/\/wart.se\/lusthus\/lusthus-12\/#breadcrumb"},"inLanguage":"fi","potentialAction":[{"@type":"ReadAction","target":["https:\/\/wart.se\/lusthus\/lusthus-12\/"]}]},{"@type":"ImageObject","inLanguage":"fi","@id":"https:\/\/wart.se\/lusthus\/lusthus-12\/#primaryimage","url":"https:\/\/wart.se\/wp-content\/uploads\/2022\/06\/sinetti.png","contentUrl":"https:\/\/wart.se\/wp-content\/uploads\/2022\/06\/sinetti.png"},{"@type":"BreadcrumbList","@id":"https:\/\/wart.se\/lusthus\/lusthus-12\/#breadcrumb","itemListElement":[{"@type":"ListItem","position":1,"name":"Hem","item":"https:\/\/wart.se\/"},{"@type":"ListItem","position":2,"name":"Lusthus","item":"https:\/\/wart.se\/lusthus\/"},{"@type":"ListItem","position":3,"name":"Lusthus 12,0"}]},{"@type":"WebSite","@id":"https:\/\/wart.se\/#website","url":"https:\/\/wart.se\/","name":"WArt | Haparanda Wood Art AB","description":"Grillk\u00e5tor, Grillstugor, Lusthus &amp; Bastu","publisher":{"@id":"https:\/\/wart.se\/#organization"},"potentialAction":[{"@type":"SearchAction","target":{"@type":"EntryPoint","urlTemplate":"https:\/\/wart.se\/?s={search_term_string}"},"query-input":{"@type":"PropertyValueSpecification","valueRequired":true,"valueName":"search_term_string"}}],"inLanguage":"fi"},{"@type":"Organization","@id":"https:\/\/wart.se\/#organization","name":"Haparanda Wood Art AB","url":"https:\/\/wart.se\/","logo":{"@type":"ImageObject","inLanguage":"fi","@id":"https:\/\/wart.se\/#\/schema\/logo\/image\/","url":"https:\/\/wart.se\/wp-content\/uploads\/2022\/06\/wart-normal.png","contentUrl":"https:\/\/wart.se\/wp-content\/uploads\/2022\/06\/wart-normal.png","width":330,"height":122,"caption":"Haparanda Wood Art AB"},"image":{"@id":"https:\/\/wart.se\/#\/schema\/logo\/image\/"},"sameAs":["https:\/\/www.facebook.com\/HaparandaWArt\/"]}]}},"_links":{"self":[{"href":"https:\/\/wart.se\/fi\/wp-json\/wp\/v2\/pages\/8430","targetHints":{"allow":["GET"]}}],"collection":[{"href":"https:\/\/wart.se\/fi\/wp-json\/wp\/v2\/pages"}],"about":[{"href":"https:\/\/wart.se\/fi\/wp-json\/wp\/v2\/types\/page"}],"author":[{"embeddable":true,"href":"https:\/\/wart.se\/fi\/wp-json\/wp\/v2\/users\/1"}],"replies":[{"embeddable":true,"href":"https:\/\/wart.se\/fi\/wp-json\/wp\/v2\/comments?post=8430"}],"version-history":[{"count":45,"href":"https:\/\/wart.se\/fi\/wp-json\/wp\/v2\/pages\/8430\/revisions"}],"predecessor-version":[{"id":9848,"href":"https:\/\/wart.se\/fi\/wp-json\/wp\/v2\/pages\/8430\/revisions\/9848"}],"up":[{"embeddable":true,"href":"https:\/\/wart.se\/fi\/wp-json\/wp\/v2\/pages\/8099"}],"wp:attachment":[{"href":"https:\/\/wart.se\/fi\/wp-json\/wp\/v2\/media?parent=8430"}],"curies":[{"name":"wp","href":"https:\/\/api.w.org\/{rel}","templated":true}]}}