{"id":303,"date":"2019-05-16T03:46:47","date_gmt":"2019-05-16T03:46:47","guid":{"rendered":"http:\/\/192.168.1.123\/wordpress-work\/edumy\/?page_id=303"},"modified":"2025-03-28T10:16:05","modified_gmt":"2025-03-28T09:16:05","slug":"kontakt","status":"publish","type":"page","link":"https:\/\/wart.se\/fi\/kontakt\/","title":{"rendered":"Ota Yhteytt\u00e4"},"content":{"rendered":"<div data-elementor-type=\"wp-post\" data-elementor-id=\"303\" class=\"elementor elementor-303\">\n\t\t\t\t\t\t<section class=\"elementor-section elementor-top-section elementor-element elementor-element-6487c21 elementor-section-stretched wart-upper-sec elementor-section-boxed elementor-section-height-default elementor-section-height-default\" data-id=\"6487c21\" data-element_type=\"section\" data-e-type=\"section\" data-settings=\"{&quot;stretch_section&quot;:&quot;section-stretched&quot;,&quot;background_background&quot;:&quot;gradient&quot;}\">\n\t\t\t\t\t\t<div class=\"elementor-container elementor-column-gap-extended\">\n\t\t\t\t\t<div class=\"elementor-column elementor-col-50 elementor-top-column elementor-element elementor-element-058ebfe\" data-id=\"058ebfe\" data-element_type=\"column\" data-e-type=\"column\">\n\t\t\t<div class=\"elementor-widget-wrap elementor-element-populated\">\n\t\t\t\t\t\t<div class=\"elementor-element elementor-element-03d72a8 elementor-widget elementor-widget-heading\" data-id=\"03d72a8\" data-element_type=\"widget\" data-e-type=\"widget\" data-widget_type=\"heading.default\">\n\t\t\t\t<div class=\"elementor-widget-container\">\n\t\t\t\t\t<h2 class=\"elementor-heading-title elementor-size-default\">Ota Yhteytt\u00e4<\/h2>\t\t\t\t<\/div>\n\t\t\t\t<\/div>\n\t\t\t\t<div class=\"elementor-element elementor-element-638c17c elementor-widget elementor-widget-text-editor\" data-id=\"638c17c\" data-element_type=\"widget\" data-e-type=\"widget\" data-widget_type=\"text-editor.default\">\n\t\t\t\t<div class=\"elementor-widget-container\">\n\t\t\t\t\t\t\t\t\t<div class=\"apus-list-contact\"><ul class=\"apus-list-contact-address list-unstyled\"><li><strong>Osoite :<\/strong><\/li><li>Haparanda Wood Art AB<\/li><li>Tj\u00e4derv\u00e4gen 5<\/li><li>953 33 Haaparanta, Ruotsi<\/li><\/ul><ul class=\"apus-list-contact-address list-unstyled\"><li><strong>Kontakt :<\/strong><\/li><li>Puh: <a href=\"tel:+4692222040\">+46 922 220 40<\/a><\/li><li>K\u00e4nnykk\u00e4: <a href=\"tel:+46706534611\">+46 70 653 46 11<\/a><\/li><li>E-mail: info (at) wart.se<\/li><\/ul><\/div>\t\t\t\t\t\t\t\t<\/div>\n\t\t\t\t<\/div>\n\t\t\t\t<section class=\"elementor-section elementor-inner-section elementor-element elementor-element-c22e870 elementor-section-boxed elementor-section-height-default elementor-section-height-default\" data-id=\"c22e870\" data-element_type=\"section\" data-e-type=\"section\">\n\t\t\t\t\t\t<div class=\"elementor-container elementor-column-gap-default\">\n\t\t\t\t\t<div class=\"elementor-column elementor-col-100 elementor-inner-column elementor-element elementor-element-89635ca\" data-id=\"89635ca\" data-element_type=\"column\" data-e-type=\"column\">\n\t\t\t<div class=\"elementor-widget-wrap elementor-element-populated\">\n\t\t\t\t\t\t<div class=\"elementor-element elementor-element-3171818 elementor-widget__width-auto elementor-widget elementor-widget-image\" data-id=\"3171818\" data-element_type=\"widget\" data-e-type=\"widget\" data-widget_type=\"image.default\">\n\t\t\t\t<div class=\"elementor-widget-container\">\n\t\t\t\t\t\t\t\t\t\t\t\t\t\t\t<img decoding=\"async\" width=\"150\" height=\"149\" src=\"https:\/\/wart.se\/wp-content\/uploads\/2022\/06\/sinetti.png\" class=\"attachment-large size-large wp-image-7941\" alt=\"Sinetti\" srcset=\"https:\/\/wart.se\/wp-content\/uploads\/2022\/06\/sinetti.png 150w, https:\/\/wart.se\/wp-content\/uploads\/2022\/06\/sinetti-12x12.png 12w\" sizes=\"(max-width: 150px) 100vw, 150px\" \/>\t\t\t\t\t\t\t\t\t\t\t\t\t\t\t<\/div>\n\t\t\t\t<\/div>\n\t\t\t\t<div class=\"elementor-element elementor-element-f6653d6 elementor-widget__width-auto elementor-widget elementor-widget-image\" data-id=\"f6653d6\" data-element_type=\"widget\" data-e-type=\"widget\" data-widget_type=\"image.default\">\n\t\t\t\t<div class=\"elementor-widget-container\">\n\t\t\t\t\t\t\t\t\t\t\t\t\t\t\t<img decoding=\"async\" width=\"128\" height=\"185\" src=\"https:\/\/wart.se\/wp-content\/uploads\/2022\/06\/wart-fsc.png\" class=\"attachment-large size-large wp-image-7942\" alt=\"FSC certifiering\" srcset=\"https:\/\/wart.se\/wp-content\/uploads\/2022\/06\/wart-fsc.png 128w, https:\/\/wart.se\/wp-content\/uploads\/2022\/06\/wart-fsc-8x12.png 8w\" sizes=\"(max-width: 128px) 100vw, 128px\" \/>\t\t\t\t\t\t\t\t\t\t\t\t\t\t\t<\/div>\n\t\t\t\t<\/div>\n\t\t\t\t\t<\/div>\n\t\t<\/div>\n\t\t\t\t\t<\/div>\n\t\t<\/section>\n\t\t\t\t\t<\/div>\n\t\t<\/div>\n\t\t\t\t<div class=\"elementor-column elementor-col-50 elementor-top-column elementor-element elementor-element-d5dfb02\" data-id=\"d5dfb02\" data-element_type=\"column\" data-e-type=\"column\" id=\"wart-sidebar\">\n\t\t\t<div class=\"elementor-widget-wrap elementor-element-populated\">\n\t\t\t\t\t\t<section class=\"elementor-section elementor-inner-section elementor-element elementor-element-f705805 elementor-section-boxed elementor-section-height-default elementor-section-height-default\" data-id=\"f705805\" data-element_type=\"section\" data-e-type=\"section\">\n\t\t\t\t\t\t<div class=\"elementor-container elementor-column-gap-default\">\n\t\t\t\t\t<div class=\"elementor-column elementor-col-100 elementor-inner-column elementor-element elementor-element-292f1d2\" data-id=\"292f1d2\" data-element_type=\"column\" data-e-type=\"column\">\n\t\t\t<div class=\"elementor-widget-wrap elementor-element-populated\">\n\t\t\t\t\t\t<div class=\"elementor-element elementor-element-2f1524a6 elementor-widget elementor-widget-heading\" data-id=\"2f1524a6\" data-element_type=\"widget\" data-e-type=\"widget\" data-widget_type=\"heading.default\">\n\t\t\t\t<div class=\"elementor-widget-container\">\n\t\t\t\t\t<h2 class=\"elementor-heading-title elementor-size-default\">Lataa esite<\/h2>\t\t\t\t<\/div>\n\t\t\t\t<\/div>\n\t\t\t\t<div class=\"elementor-element elementor-element-19a169c4 elementor-pagination-position-outside elementor-widget elementor-widget-image-carousel\" data-id=\"19a169c4\" data-element_type=\"widget\" data-e-type=\"widget\" data-settings=\"{&quot;slides_to_show&quot;:&quot;1&quot;,&quot;navigation&quot;:&quot;dots&quot;,&quot;autoplay&quot;:&quot;yes&quot;,&quot;pause_on_hover&quot;:&quot;yes&quot;,&quot;pause_on_interaction&quot;:&quot;yes&quot;,&quot;autoplay_speed&quot;:5000,&quot;infinite&quot;:&quot;yes&quot;,&quot;effect&quot;:&quot;slide&quot;,&quot;speed&quot;:500}\" data-widget_type=\"image-carousel.default\">\n\t\t\t\t<div class=\"elementor-widget-container\">\n\t\t\t\t\t\t\t<div class=\"elementor-image-carousel-wrapper swiper\" role=\"region\" aria-roledescription=\"carousel\" aria-label=\"Bildkarusell\" dir=\"ltr\">\n\t\t\t<div class=\"elementor-image-carousel swiper-wrapper swiper-image-stretch\" aria-live=\"off\">\n\t\t\t\t\t\t\t\t<div class=\"swiper-slide\" role=\"group\" aria-roledescription=\"slide\" aria-label=\"1 av 3\"><figure class=\"swiper-slide-inner\"><img decoding=\"async\" class=\"swiper-slide-image\" src=\"https:\/\/wart.se\/wp-content\/uploads\/2022\/06\/lusthus-sidebar-image.jpg\" alt=\"Lusthus broschyrbild\" \/><\/figure><\/div><div class=\"swiper-slide\" role=\"group\" aria-roledescription=\"slide\" aria-label=\"2 av 3\"><figure class=\"swiper-slide-inner\"><img decoding=\"async\" class=\"swiper-slide-image\" src=\"https:\/\/wart.se\/wp-content\/uploads\/2022\/06\/bastu-sidebar-image.jpg\" alt=\"bastu-sidebar-image\" \/><\/figure><\/div><div class=\"swiper-slide\" role=\"group\" aria-roledescription=\"slide\" aria-label=\"3 av 3\"><figure class=\"swiper-slide-inner\"><img decoding=\"async\" class=\"swiper-slide-image\" src=\"https:\/\/wart.se\/wp-content\/uploads\/2022\/06\/grillkata-sidebar-image.jpg\" alt=\"Grillk\u00e5ta broschyr\" \/><\/figure><\/div>\t\t\t<\/div>\n\t\t\t\t\t\t\t\n\t\t\t\t\t\t\t\t\t<div class=\"swiper-pagination\"><\/div>\n\t\t\t\t\t\t\t\t\t<\/div>\n\t\t\t\t\t\t<\/div>\n\t\t\t\t<\/div>\n\t\t\t\t<div class=\"elementor-element elementor-element-1a0844a elementor-align-center elementor-widget elementor-widget-button\" data-id=\"1a0844a\" data-element_type=\"widget\" data-e-type=\"widget\" data-widget_type=\"button.default\">\n\t\t\t\t<div class=\"elementor-widget-container\">\n\t\t\t\t\t\t\t\t\t<div class=\"elementor-button-wrapper\">\n\t\t\t\t\t<a class=\"elementor-button elementor-button-link elementor-size-sm\" href=\"https:\/\/wart.se\/wp-content\/uploads\/2022\/06\/wart_katalog_net.pdf\" target=\"_blank\">\n\t\t\t\t\t\t<span class=\"elementor-button-content-wrapper\">\n\t\t\t\t\t\t\t\t\t<span class=\"elementor-button-text\">Lataa esite PDF-muodossa<\/span>\n\t\t\t\t\t<\/span>\n\t\t\t\t\t<\/a>\n\t\t\t\t<\/div>\n\t\t\t\t\t\t\t\t<\/div>\n\t\t\t\t<\/div>\n\t\t\t\t<div class=\"elementor-element elementor-element-64c38225 elementor-widget elementor-widget-html\" data-id=\"64c38225\" data-element_type=\"widget\" data-e-type=\"widget\" data-widget_type=\"html.default\">\n\t\t\t\t<div class=\"elementor-widget-container\">\n\t\t\t\t\t<div style=\"text-align:center;margin-bottom: 40px;\"><a href=\"https:\/\/publuu.com\/flip-book\/29218\/91153\/page\/1?cover\" class=\"show-publuu-viewer elementor-button-link elementor-button elementor-size-sm center-btn\">Lue e-esite verkossa<\/a><script src=\"https:\/\/cms2.publuu.com\/js\/embed-viewer.js\"><\/script><\/div>\t\t\t\t<\/div>\n\t\t\t\t<\/div>\n\t\t\t\t\t<\/div>\n\t\t<\/div>\n\t\t\t\t\t<\/div>\n\t\t<\/section>\n\t\t\t\t\t<\/div>\n\t\t<\/div>\n\t\t\t\t\t<\/div>\n\t\t<\/section>\n\t\t\t\t<section class=\"elementor-section elementor-top-section elementor-element elementor-element-f67917f elementor-section-stretched elementor-section-full_width elementor-reverse-tablet elementor-reverse-mobile elementor-section-height-default elementor-section-height-default\" data-id=\"f67917f\" data-element_type=\"section\" data-e-type=\"section\" data-settings=\"{&quot;stretch_section&quot;:&quot;section-stretched&quot;,&quot;background_background&quot;:&quot;classic&quot;}\">\n\t\t\t\t\t\t<div class=\"elementor-container elementor-column-gap-extended\">\n\t\t\t\t\t<div class=\"elementor-column elementor-col-50 elementor-top-column elementor-element elementor-element-7ccb06b\" data-id=\"7ccb06b\" data-element_type=\"column\" data-e-type=\"column\">\n\t\t\t<div class=\"elementor-widget-wrap elementor-element-populated\">\n\t\t\t\t\t\t<div class=\"elementor-element elementor-element-98b0262 elementor-widget elementor-widget-google_maps\" data-id=\"98b0262\" data-element_type=\"widget\" data-e-type=\"widget\" data-widget_type=\"google_maps.default\">\n\t\t\t\t<div class=\"elementor-widget-container\">\n\t\t\t\t\t\t\t<div class=\"elementor-custom-embed\">\n\t\t\t<iframe loading=\"lazy\"\n\t\t\t\t\tsrc=\"https:\/\/maps.google.com\/maps?q=Tj%C3%A4derv%C3%A4gen%205%2C%20Haparanda&#038;t=m&#038;z=5&#038;output=embed&#038;iwloc=near\"\n\t\t\t\t\ttitle=\"Tj\u00e4derv\u00e4gen 5, Haparanda\"\n\t\t\t\t\taria-label=\"Tj\u00e4derv\u00e4gen 5, Haparanda\"\n\t\t\t><\/iframe>\n\t\t<\/div>\n\t\t\t\t\t\t<\/div>\n\t\t\t\t<\/div>\n\t\t\t\t\t<\/div>\n\t\t<\/div>\n\t\t\t\t<div class=\"elementor-column elementor-col-50 elementor-top-column elementor-element elementor-element-cfcc4a2 apus-map-form\" data-id=\"cfcc4a2\" data-element_type=\"column\" data-e-type=\"column\" data-settings=\"{&quot;background_background&quot;:&quot;classic&quot;}\">\n\t\t\t<div class=\"elementor-widget-wrap elementor-element-populated\">\n\t\t\t\t\t\t<div class=\"elementor-element elementor-element-3242e41 elementor-widget elementor-widget-heading\" data-id=\"3242e41\" data-element_type=\"widget\" data-e-type=\"widget\" data-widget_type=\"heading.default\">\n\t\t\t\t<div class=\"elementor-widget-container\">\n\t\t\t\t\t<h2 class=\"elementor-heading-title elementor-size-default\">K\u00e4yt\u00e4 lomaketta rohkeasti!<\/h2>\t\t\t\t<\/div>\n\t\t\t\t<\/div>\n\t\t\t\t<div class=\"elementor-element elementor-element-580da33 elementor-widget elementor-widget-text-editor\" data-id=\"580da33\" data-element_type=\"widget\" data-e-type=\"widget\" data-widget_type=\"text-editor.default\">\n\t\t\t\t<div class=\"elementor-widget-container\">\n\t\t\t\t\t\t\t\t\t\n<div class=\"wpcf7 no-js\" id=\"wpcf7-f2454-o1\" lang=\"en-US\" dir=\"ltr\" data-wpcf7-id=\"2454\">\n<div class=\"screen-reader-response\"><p role=\"status\" aria-live=\"polite\" aria-atomic=\"true\"><\/p> <ul><\/ul><\/div>\n<form action=\"\/fi\/wp-json\/wp\/v2\/pages\/303#wpcf7-f2454-o1\" method=\"post\" class=\"wpcf7-form init\" aria-label=\"Contact form\" novalidate=\"novalidate\" data-status=\"init\" data-trp-original-action=\"\/fi\/wp-json\/wp\/v2\/pages\/303#wpcf7-f2454-o1\">\n<fieldset class=\"hidden-fields-container\"><input type=\"hidden\" name=\"_wpcf7\" value=\"2454\" \/><input type=\"hidden\" name=\"_wpcf7_version\" value=\"6.1.5\" \/><input type=\"hidden\" name=\"_wpcf7_locale\" value=\"en_US\" \/><input type=\"hidden\" name=\"_wpcf7_unit_tag\" value=\"wpcf7-f2454-o1\" \/><input type=\"hidden\" name=\"_wpcf7_container_post\" value=\"0\" \/><input type=\"hidden\" name=\"_wpcf7_posted_data_hash\" value=\"\" \/><input type=\"hidden\" name=\"_wpcf7_recaptcha_response\" value=\"\" \/>\n<\/fieldset>\n<div class=\"pcf7-form-contact page-form-contact row\">\n\t<div class=\"col-md-6 col-sm-12 col-xs-12\">\n\t\t<p><span class=\"wpcf7-form-control-wrap\" data-name=\"your-name\"><input size=\"40\" maxlength=\"400\" class=\"wpcf7-form-control wpcf7-text wpcf7-validates-as-required form-control\" id=\"your-name\" aria-required=\"true\" aria-invalid=\"false\" placeholder=\"Nimi\" value=\"\" type=\"text\" name=\"your-name\" \/><\/span>\n\t\t<\/p>\n\t<\/div>\n\t<div class=\"col-md-6 col-sm-12 col-xs-12\">\n\t\t<p><span class=\"wpcf7-form-control-wrap\" data-name=\"your-email\"><input size=\"40\" maxlength=\"400\" class=\"wpcf7-form-control wpcf7-email wpcf7-validates-as-required wpcf7-text wpcf7-validates-as-email form-control\" id=\"your-email\" aria-required=\"true\" aria-invalid=\"false\" placeholder=\"S\u00e4hk\u00f6posti\" value=\"\" type=\"email\" name=\"your-email\" \/><\/span>\n\t\t<\/p>\n\t<\/div>\n\t<div class=\"col-md-6 col-sm-12 col-xs-12\">\n\t\t<p><span class=\"wpcf7-form-control-wrap\" data-name=\"your-phone\"><input size=\"40\" maxlength=\"400\" class=\"wpcf7-form-control wpcf7-text form-control\" id=\"your-phone\" aria-invalid=\"false\" placeholder=\"Puhelin\" value=\"\" type=\"text\" name=\"your-phone\" \/><\/span>\n\t\t<\/p>\n\t<\/div>\n\t<div class=\"col-md-6 col-sm-12 col-xs-12\">\n\t\t<p><span class=\"wpcf7-form-control-wrap\" data-name=\"your-subject\"><input size=\"40\" maxlength=\"400\" class=\"wpcf7-form-control wpcf7-text form-control\" id=\"your-subject\" aria-invalid=\"false\" placeholder=\"Aihe\" value=\"\" type=\"text\" name=\"your-subject\" \/><\/span>\n\t\t<\/p>\n\t<\/div>\n\t<div class=\"col-md-12 col-sm-12 col-xs-12\">\n\t\t<p><span class=\"wpcf7-form-control-wrap\" data-name=\"your-message\"><textarea cols=\"40\" rows=\"10\" maxlength=\"2000\" class=\"wpcf7-form-control wpcf7-textarea wpcf7-validates-as-required form-control\" id=\"your-message\" aria-required=\"true\" aria-invalid=\"false\" placeholder=\"Viestisi\" name=\"your-message\"><\/textarea><\/span>\n\t\t<\/p>\n\t<\/div>\n\t<div class=\"col-md-12 col-sm-12 col-xs-12\">\n\t\t<p><input class=\"wpcf7-form-control wpcf7-submit has-spinner btn btn-outline\" type=\"submit\" value=\"L\u00e4het\u00e4 viesti\" \/>\n\t\t<\/p>\n\t<\/div>\n<\/div><div class=\"wpcf7-response-output\" aria-hidden=\"true\"><\/div>\n<input type=\"hidden\" name=\"trp-form-language\" value=\"fi\"\/><\/form>\n<\/div>\n\t\t\t\t\t\t\t\t<\/div>\n\t\t\t\t<\/div>\n\t\t\t\t<div class=\"elementor-element elementor-element-bc62804 elementor-widget elementor-widget-text-editor\" data-id=\"bc62804\" data-element_type=\"widget\" data-e-type=\"widget\" data-widget_type=\"text-editor.default\">\n\t\t\t\t<div class=\"elementor-widget-container\">\n\t\t\t\t\t\t\t\t\t<p>This site is protected by reCAPTCHA and the Google <a href=\"\/fi\/\u201dhttps:\/\/policies.google.com\/privacy\u201d\/\">Privacy Policy<\/a> and <a href=\"\/fi\/\u201dhttps:\/\/policies.google.com\/terms\u201d\/\">Terms of Service<\/a> apply.<\/p>\t\t\t\t\t\t\t\t<\/div>\n\t\t\t\t<\/div>\n\t\t\t\t\t<\/div>\n\t\t<\/div>\n\t\t\t\t\t<\/div>\n\t\t<\/section>\n\t\t\t\t<\/div>","protected":false},"excerpt":{"rendered":"<p>Kontakta oss Adress : Haparanda Wood Art AB Tj\u00e4derv\u00e4gen 5 953 33 Haparanda Kontakt : Tel: +46 922 220 40 Mob: +46 70 653 46 11 E-mail: info (at) wart.se Ladda ner broschyr! Ladda ner broschyr i PDF L\u00e4s e-broschyr online Anv\u00e4nd g\u00e4rna formul\u00e4ret! This site is protected by reCAPTCHA and the Google Privacy Policy &hellip; <br \/><a href=\"https:\/\/wart.se\/fi\/kontakt\/\" class=\"more-link\">Continue reading <span class=\"screen-reader-text\">Ota Yhteytt\u00e4<\/span><\/a><\/p>","protected":false},"author":1,"featured_media":0,"parent":0,"menu_order":0,"comment_status":"closed","ping_status":"closed","template":"","meta":{"footnotes":""},"class_list":["post-303","page","type-page","status-publish","hentry"],"yoast_head":"<!-- This site is optimized with the Yoast SEO plugin v27.4 - https:\/\/yoast.com\/product\/yoast-seo-wordpress\/ -->\n<title>Kontakt | WArt | Haparanda Wood Art AB<\/title>\n<meta name=\"robots\" content=\"index, follow, max-snippet:-1, max-image-preview:large, max-video-preview:-1\" \/>\n<link rel=\"canonical\" href=\"https:\/\/wart.se\/fi\/kontakt\/\" \/>\n<meta property=\"og:locale\" content=\"fi_FI\" \/>\n<meta property=\"og:type\" content=\"article\" \/>\n<meta property=\"og:title\" content=\"Kontakt | WArt | Haparanda Wood Art AB\" \/>\n<meta property=\"og:description\" content=\"Kontakta oss Adress : Haparanda Wood Art AB Tj\u00e4derv\u00e4gen 5 953 33 Haparanda Kontakt : Tel: +46 922 220 40 Mob: +46 70 653 46 11 E-mail: info (at) wart.se Ladda ner broschyr! Ladda ner broschyr i PDF L\u00e4s e-broschyr online Anv\u00e4nd g\u00e4rna formul\u00e4ret! This site is protected by reCAPTCHA and the Google Privacy Policy &hellip; Continue reading Kontakt\" \/>\n<meta property=\"og:url\" content=\"https:\/\/wart.se\/fi\/kontakt\/\" \/>\n<meta property=\"og:site_name\" content=\"WArt | Haparanda Wood Art AB\" \/>\n<meta property=\"article:publisher\" content=\"https:\/\/www.facebook.com\/HaparandaWArt\/\" \/>\n<meta property=\"article:modified_time\" content=\"2025-03-28T09:16:05+00:00\" \/>\n<meta property=\"og:image\" content=\"https:\/\/wart.se\/wp-content\/uploads\/2022\/06\/sinetti.png\" \/>\n<meta name=\"twitter:card\" content=\"summary_large_image\" \/>\n<meta name=\"twitter:label1\" content=\"Arvioitu lukuaika\" \/>\n\t<meta name=\"twitter:data1\" content=\"2 minuuttia\" \/>\n<script type=\"application\/ld+json\" class=\"yoast-schema-graph\">{\"@context\":\"https:\\\/\\\/schema.org\",\"@graph\":[{\"@type\":\"WebPage\",\"@id\":\"https:\\\/\\\/wart.se\\\/kontakt\\\/\",\"url\":\"https:\\\/\\\/wart.se\\\/kontakt\\\/\",\"name\":\"Kontakt | WArt | Haparanda Wood Art AB\",\"isPartOf\":{\"@id\":\"https:\\\/\\\/wart.se\\\/#website\"},\"primaryImageOfPage\":{\"@id\":\"https:\\\/\\\/wart.se\\\/kontakt\\\/#primaryimage\"},\"image\":{\"@id\":\"https:\\\/\\\/wart.se\\\/kontakt\\\/#primaryimage\"},\"thumbnailUrl\":\"https:\\\/\\\/wart.se\\\/wp-content\\\/uploads\\\/2022\\\/06\\\/sinetti.png\",\"datePublished\":\"2019-05-16T03:46:47+00:00\",\"dateModified\":\"2025-03-28T09:16:05+00:00\",\"breadcrumb\":{\"@id\":\"https:\\\/\\\/wart.se\\\/kontakt\\\/#breadcrumb\"},\"inLanguage\":\"fi\",\"potentialAction\":[{\"@type\":\"ReadAction\",\"target\":[\"https:\\\/\\\/wart.se\\\/kontakt\\\/\"]}]},{\"@type\":\"ImageObject\",\"inLanguage\":\"fi\",\"@id\":\"https:\\\/\\\/wart.se\\\/kontakt\\\/#primaryimage\",\"url\":\"https:\\\/\\\/wart.se\\\/wp-content\\\/uploads\\\/2022\\\/06\\\/sinetti.png\",\"contentUrl\":\"https:\\\/\\\/wart.se\\\/wp-content\\\/uploads\\\/2022\\\/06\\\/sinetti.png\"},{\"@type\":\"BreadcrumbList\",\"@id\":\"https:\\\/\\\/wart.se\\\/kontakt\\\/#breadcrumb\",\"itemListElement\":[{\"@type\":\"ListItem\",\"position\":1,\"name\":\"Hem\",\"item\":\"https:\\\/\\\/wart.se\\\/\"},{\"@type\":\"ListItem\",\"position\":2,\"name\":\"Kontakt\"}]},{\"@type\":\"WebSite\",\"@id\":\"https:\\\/\\\/wart.se\\\/#website\",\"url\":\"https:\\\/\\\/wart.se\\\/\",\"name\":\"WArt | Haparanda Wood Art AB\",\"description\":\"Grillk\u00e5tor, Grillstugor, Lusthus &amp; Bastu\",\"publisher\":{\"@id\":\"https:\\\/\\\/wart.se\\\/#organization\"},\"potentialAction\":[{\"@type\":\"SearchAction\",\"target\":{\"@type\":\"EntryPoint\",\"urlTemplate\":\"https:\\\/\\\/wart.se\\\/?s={search_term_string}\"},\"query-input\":{\"@type\":\"PropertyValueSpecification\",\"valueRequired\":true,\"valueName\":\"search_term_string\"}}],\"inLanguage\":\"fi\"},{\"@type\":\"Organization\",\"@id\":\"https:\\\/\\\/wart.se\\\/#organization\",\"name\":\"Haparanda Wood Art AB\",\"url\":\"https:\\\/\\\/wart.se\\\/\",\"logo\":{\"@type\":\"ImageObject\",\"inLanguage\":\"fi\",\"@id\":\"https:\\\/\\\/wart.se\\\/#\\\/schema\\\/logo\\\/image\\\/\",\"url\":\"https:\\\/\\\/wart.se\\\/wp-content\\\/uploads\\\/2022\\\/06\\\/wart-normal.png\",\"contentUrl\":\"https:\\\/\\\/wart.se\\\/wp-content\\\/uploads\\\/2022\\\/06\\\/wart-normal.png\",\"width\":330,\"height\":122,\"caption\":\"Haparanda Wood Art AB\"},\"image\":{\"@id\":\"https:\\\/\\\/wart.se\\\/#\\\/schema\\\/logo\\\/image\\\/\"},\"sameAs\":[\"https:\\\/\\\/www.facebook.com\\\/HaparandaWArt\\\/\"]}]}<\/script>\n<!-- \/ Yoast SEO plugin. -->","yoast_head_json":{"title":"Kontakt | WArt | Haparanda Wood Art AB","robots":{"index":"index","follow":"follow","max-snippet":"max-snippet:-1","max-image-preview":"max-image-preview:large","max-video-preview":"max-video-preview:-1"},"canonical":"https:\/\/wart.se\/fi\/kontakt\/","og_locale":"fi_FI","og_type":"article","og_title":"Kontakt | WArt | Haparanda Wood Art AB","og_description":"Kontakta oss Adress : Haparanda Wood Art AB Tj\u00e4derv\u00e4gen 5 953 33 Haparanda Kontakt : Tel: +46 922 220 40 Mob: +46 70 653 46 11 E-mail: info (at) wart.se Ladda ner broschyr! Ladda ner broschyr i PDF L\u00e4s e-broschyr online Anv\u00e4nd g\u00e4rna formul\u00e4ret! This site is protected by reCAPTCHA and the Google Privacy Policy &hellip; Continue reading Kontakt","og_url":"https:\/\/wart.se\/fi\/kontakt\/","og_site_name":"WArt | Haparanda Wood Art AB","article_publisher":"https:\/\/www.facebook.com\/HaparandaWArt\/","article_modified_time":"2025-03-28T09:16:05+00:00","og_image":[{"url":"https:\/\/wart.se\/wp-content\/uploads\/2022\/06\/sinetti.png","type":"","width":"","height":""}],"twitter_card":"summary_large_image","twitter_misc":{"Arvioitu lukuaika":"2 minuuttia"},"schema":{"@context":"https:\/\/schema.org","@graph":[{"@type":"WebPage","@id":"https:\/\/wart.se\/kontakt\/","url":"https:\/\/wart.se\/kontakt\/","name":"Kontakt | WArt | Haparanda Wood Art AB","isPartOf":{"@id":"https:\/\/wart.se\/#website"},"primaryImageOfPage":{"@id":"https:\/\/wart.se\/kontakt\/#primaryimage"},"image":{"@id":"https:\/\/wart.se\/kontakt\/#primaryimage"},"thumbnailUrl":"https:\/\/wart.se\/wp-content\/uploads\/2022\/06\/sinetti.png","datePublished":"2019-05-16T03:46:47+00:00","dateModified":"2025-03-28T09:16:05+00:00","breadcrumb":{"@id":"https:\/\/wart.se\/kontakt\/#breadcrumb"},"inLanguage":"fi","potentialAction":[{"@type":"ReadAction","target":["https:\/\/wart.se\/kontakt\/"]}]},{"@type":"ImageObject","inLanguage":"fi","@id":"https:\/\/wart.se\/kontakt\/#primaryimage","url":"https:\/\/wart.se\/wp-content\/uploads\/2022\/06\/sinetti.png","contentUrl":"https:\/\/wart.se\/wp-content\/uploads\/2022\/06\/sinetti.png"},{"@type":"BreadcrumbList","@id":"https:\/\/wart.se\/kontakt\/#breadcrumb","itemListElement":[{"@type":"ListItem","position":1,"name":"Hem","item":"https:\/\/wart.se\/"},{"@type":"ListItem","position":2,"name":"Kontakt"}]},{"@type":"WebSite","@id":"https:\/\/wart.se\/#website","url":"https:\/\/wart.se\/","name":"WArt | Haparanda Wood Art AB","description":"Grillk\u00e5tor, Grillstugor, Lusthus &amp; Bastu","publisher":{"@id":"https:\/\/wart.se\/#organization"},"potentialAction":[{"@type":"SearchAction","target":{"@type":"EntryPoint","urlTemplate":"https:\/\/wart.se\/?s={search_term_string}"},"query-input":{"@type":"PropertyValueSpecification","valueRequired":true,"valueName":"search_term_string"}}],"inLanguage":"fi"},{"@type":"Organization","@id":"https:\/\/wart.se\/#organization","name":"Haparanda Wood Art AB","url":"https:\/\/wart.se\/","logo":{"@type":"ImageObject","inLanguage":"fi","@id":"https:\/\/wart.se\/#\/schema\/logo\/image\/","url":"https:\/\/wart.se\/wp-content\/uploads\/2022\/06\/wart-normal.png","contentUrl":"https:\/\/wart.se\/wp-content\/uploads\/2022\/06\/wart-normal.png","width":330,"height":122,"caption":"Haparanda Wood Art AB"},"image":{"@id":"https:\/\/wart.se\/#\/schema\/logo\/image\/"},"sameAs":["https:\/\/www.facebook.com\/HaparandaWArt\/"]}]}},"_links":{"self":[{"href":"https:\/\/wart.se\/fi\/wp-json\/wp\/v2\/pages\/303","targetHints":{"allow":["GET"]}}],"collection":[{"href":"https:\/\/wart.se\/fi\/wp-json\/wp\/v2\/pages"}],"about":[{"href":"https:\/\/wart.se\/fi\/wp-json\/wp\/v2\/types\/page"}],"author":[{"embeddable":true,"href":"https:\/\/wart.se\/fi\/wp-json\/wp\/v2\/users\/1"}],"replies":[{"embeddable":true,"href":"https:\/\/wart.se\/fi\/wp-json\/wp\/v2\/comments?post=303"}],"version-history":[{"count":97,"href":"https:\/\/wart.se\/fi\/wp-json\/wp\/v2\/pages\/303\/revisions"}],"predecessor-version":[{"id":9836,"href":"https:\/\/wart.se\/fi\/wp-json\/wp\/v2\/pages\/303\/revisions\/9836"}],"wp:attachment":[{"href":"https:\/\/wart.se\/fi\/wp-json\/wp\/v2\/media?parent=303"}],"curies":[{"name":"wp","href":"https:\/\/api.w.org\/{rel}","templated":true}]}}